{"id":752,"date":"2024-02-16T15:09:09","date_gmt":"2024-02-16T15:09:09","guid":{"rendered":"https:\/\/immediatebitxdr.co\/kontaktujte-nas\/"},"modified":"2024-02-22T09:35:18","modified_gmt":"2024-02-22T09:35:18","slug":"kontaktujte-nas","status":"publish","type":"page","link":"https:\/\/immediatebitxdr.co\/cs\/kontaktujte-nas\/","title":{"rendered":"Kontaktujte n\u00e1s"},"content":{"rendered":"\n<div class=\"wp-block-columns is-layout-flex wp-container-core-columns-is-layout-9d6595d7 wp-block-columns-is-layout-flex\">\n<div class=\"wp-block-column is-layout-flow wp-block-column-is-layout-flow\">\n<h1 class=\"wp-block-heading\">Kontaktujte n\u00e1\u0161 t\u00fdm<\/h1>\n\n\n\n<p>Na\u0161\u00edm c\u00edlem je zajistit v\u00e1m v\u00fdjime\u010dn\u00e9 slu\u017eby a podporu.<\/p>\n\n\n\r\n\r\n<div class=\"info_block\" id=\"info_block-block_e505ed56dd8fc3996be9bc79c510d078\">\r\n    <div style=\"text-align: center;\">\n<h3 style=\"text-align: left;\">Obra\u0165te se na n\u00e1\u0161 t\u00fdm podpory<\/h3>\n<p style=\"text-align: left;\">Pot\u0159ebujete pomoc? N\u00e1\u0161 t\u00fdm podpory je p\u0159ipraven v\u00e1m pomoci. Jednodu\u0161e vypl\u0148te n\u00ed\u017ee uveden\u00fd formul\u00e1\u0159 a my v\u00e1m obratem odpov\u00edme. V nal\u00e9hav\u00fdch p\u0159\u00edpadech se na n\u00e1s m\u016f\u017eete obr\u00e1tit tak\u00e9 p\u0159\u00edmo na <a target=\"_new\">adrese support@nexonixprofit.com.<\/a> Na\u0161\u00edm c\u00edlem je zajistit v\u00e1m pot\u0159ebnou pomoc.<\/p>\n<\/div>\n<\/div>\r\n\r\n<style>\r\n.info_block {\r\n  position: relative;\r\n  display: block;\r\n  width: 100%;\r\n  margin: 40px auto;\r\n  padding: 13px 16px;\r\n  border-radius: 10px;\r\n  background: rgba(209,41,41,0.05);\r\n}\r\n.info_block h3 {\r\n  font-size: 1em;\r\n  color: #d12929;\r\n  font-weight: 500;\r\n}\r\n<\/style><\/div>\n\n\n\n<div class=\"wp-block-column is-layout-flow wp-block-column-is-layout-flow\">\n<h2 class=\"wp-block-heading\">Kontaktujte n\u00e1s<\/h2>\n\n\n\n<p>Kontaktujte n\u00e1s je\u0161t\u011b dnes &#8211; jsme tu, abychom v\u00e1m pomohli dos\u00e1hnout \u00fasp\u011bchu s okam\u017eit\u00fdm BitXDR!<\/p>\n\n\n\n<p>E-mail: support@nexonixprofit.com<\/p>\n\n\n\n<div class=\"wpcf7 no-js\" id=\"wpcf7-f737-o1\" lang=\"en-US\" dir=\"ltr\">\n<div class=\"screen-reader-response\"><p role=\"status\" aria-live=\"polite\" aria-atomic=\"true\"><\/p> <ul><\/ul><\/div>\n<form action=\"\/cs\/wp-json\/wp\/v2\/pages\/752#wpcf7-f737-o1\" method=\"post\" class=\"wpcf7-form init\" aria-label=\"Contact form\" novalidate=\"novalidate\" data-status=\"init\">\n<div style=\"display: none;\">\n<input type=\"hidden\" name=\"_wpcf7\" value=\"737\" \/>\n<input type=\"hidden\" name=\"_wpcf7_version\" value=\"5.9.4\" \/>\n<input type=\"hidden\" name=\"_wpcf7_locale\" value=\"en_US\" \/>\n<input type=\"hidden\" name=\"_wpcf7_unit_tag\" value=\"wpcf7-f737-o1\" \/>\n<input type=\"hidden\" name=\"_wpcf7_container_post\" value=\"0\" \/>\n<input type=\"hidden\" name=\"_wpcf7_posted_data_hash\" value=\"\" \/>\n<\/div>\n<div class=\"cta_form\">\n\t<div class=\"row\">\n\t\t<div class=\"col-xxl-6 col-xl-6 col-lg-6 col-md-12 col-12\">\n\t\t\t<p><span class=\"wpcf7-form-control-wrap\" data-name=\"fname\"><input size=\"40\" class=\"wpcf7-form-control wpcf7-text wpcf7-validates-as-required\" aria-required=\"true\" aria-invalid=\"false\" placeholder=\"First Name\" value=\"\" type=\"text\" name=\"fname\" \/><\/span>\n\t\t\t<\/p>\n\t\t<\/div>\n\t\t<div class=\"col-xxl-6 col-xl-6 col-lg-6 col-md-12 col-12\">\n\t\t\t<p><span class=\"wpcf7-form-control-wrap\" data-name=\"lname\"><input size=\"40\" class=\"wpcf7-form-control wpcf7-text wpcf7-validates-as-required\" aria-required=\"true\" aria-invalid=\"false\" placeholder=\"Last Name\" value=\"\" type=\"text\" name=\"lname\" \/><\/span>\n\t\t\t<\/p>\n\t\t<\/div>\n\t<\/div>\n\t<div class=\"row\">\n\t\t<div class=\"col-xxl-6 col-xl-6 col-lg-6 col-md-12 col-12\">\n\t\t\t<p><span class=\"wpcf7-form-control-wrap\" data-name=\"email-36\"><input size=\"40\" class=\"wpcf7-form-control wpcf7-email wpcf7-validates-as-required wpcf7-text wpcf7-validates-as-email\" aria-required=\"true\" aria-invalid=\"false\" placeholder=\"E-mail\" value=\"\" type=\"email\" name=\"email-36\" \/><\/span>\n\t\t\t<\/p>\n\t\t<\/div>\n\t\t<div class=\"col-xxl-6 col-xl-6 col-lg-6 col-md-12 col-12\">\n\t\t\t<p><span class=\"wpcf7-form-control-wrap\" data-name=\"tel-246\"><input size=\"40\" class=\"wpcf7-form-control wpcf7-tel wpcf7-validates-as-required wpcf7-text wpcf7-validates-as-tel\" aria-required=\"true\" aria-invalid=\"false\" placeholder=\"Phone\" value=\"\" type=\"tel\" name=\"tel-246\" \/><\/span>\n\t\t\t<\/p>\n\t\t<\/div>\n\t<\/div>\n\t<div class=\"row\">\n\t\t<div class=\"col-12\">\n\t\t\t<p><input class=\"wpcf7-form-control wpcf7-submit has-spinner\" type=\"submit\" value=\"Send your contact details\" \/>\n\t\t\t<\/p>\n\t\t<\/div>\n\t<\/div>\n\t<div class=\"footer_form\">\n\t\t<p>By creating an account, you are agreeing to our <a href=\"#\">Terms of Use<\/a> and <a href=\"#\">Privacy Policy<\/a>\n\t\t<\/p>\n\t<\/div>\n<\/div><div class=\"wpcf7-response-output\" aria-hidden=\"true\"><\/div>\n<\/form>\n<\/div>\n\n<\/div>\n<\/div>\n\n<p><\/p>\n","protected":false},"excerpt":{"rendered":"<p>Kontaktujte n\u00e1\u0161 t\u00fdm Na\u0161\u00edm c\u00edlem je zajistit v\u00e1m v\u00fdjime\u010dn\u00e9 slu\u017eby a podporu. Kontaktujte n\u00e1s Kontaktujte n\u00e1s je\u0161t\u011b dnes &#8211; jsme tu, abychom v\u00e1m pomohli dos\u00e1hnout \u00fasp\u011bchu s okam\u017eit\u00fdm BitXDR! E-mail: support@nexonixprofit.com<\/p>\n","protected":false},"author":1,"featured_media":0,"parent":0,"menu_order":0,"comment_status":"closed","ping_status":"closed","template":"","meta":{"_acf_changed":false,"inline_featured_image":false,"_monsterinsights_skip_tracking":false,"_monsterinsights_sitenote_active":false,"_monsterinsights_sitenote_note":"","_monsterinsights_sitenote_category":0,"footnotes":""},"class_list":["post-752","page","type-page","status-publish","hentry"],"acf":[],"yoast_head":"<!-- This site is optimized with the Yoast SEO plugin v22.7 - https:\/\/yoast.com\/wordpress\/plugins\/seo\/ -->\n<title>Kontaktujte n\u00e1s - Nexonix Profit<\/title>\n<meta name=\"robots\" content=\"index, follow, max-snippet:-1, max-image-preview:large, max-video-preview:-1\" \/>\n<link rel=\"canonical\" href=\"https:\/\/immediatebitxdr.co\/cs\/kontaktujte-nas\/\" \/>\n<meta property=\"og:locale\" content=\"cs_CZ\" \/>\n<meta property=\"og:type\" content=\"article\" \/>\n<meta property=\"og:title\" content=\"Kontaktujte n\u00e1s - Nexonix Profit\" \/>\n<meta property=\"og:description\" content=\"Kontaktujte n\u00e1\u0161 t\u00fdm Na\u0161\u00edm c\u00edlem je zajistit v\u00e1m v\u00fdjime\u010dn\u00e9 slu\u017eby a podporu. Kontaktujte n\u00e1s Kontaktujte n\u00e1s je\u0161t\u011b dnes &#8211; jsme tu, abychom v\u00e1m pomohli dos\u00e1hnout \u00fasp\u011bchu s okam\u017eit\u00fdm BitXDR! E-mail: support@nexonixprofit.com\" \/>\n<meta property=\"og:url\" content=\"https:\/\/immediatebitxdr.co\/cs\/kontaktujte-nas\/\" \/>\n<meta property=\"og:site_name\" content=\"Nexonix Profit\" \/>\n<meta property=\"article:modified_time\" content=\"2024-02-22T09:35:18+00:00\" \/>\n<meta name=\"twitter:card\" content=\"summary_large_image\" \/>\n<meta name=\"twitter:label1\" content=\"Odhadovan\u00e1 doba \u010dten\u00ed\" \/>\n\t<meta name=\"twitter:data1\" content=\"1 minuta\" \/>\n<script type=\"application\/ld+json\" class=\"yoast-schema-graph\">{\"@context\":\"https:\/\/schema.org\",\"@graph\":[{\"@type\":\"WebPage\",\"@id\":\"https:\/\/immediatebitxdr.co\/cs\/kontaktujte-nas\/\",\"url\":\"https:\/\/immediatebitxdr.co\/cs\/kontaktujte-nas\/\",\"name\":\"Kontaktujte n\u00e1s - Nexonix Profit\",\"isPartOf\":{\"@id\":\"https:\/\/immediatebitxdr.co\/cs\/#website\"},\"datePublished\":\"2024-02-16T15:09:09+00:00\",\"dateModified\":\"2024-02-22T09:35:18+00:00\",\"breadcrumb\":{\"@id\":\"https:\/\/immediatebitxdr.co\/cs\/kontaktujte-nas\/#breadcrumb\"},\"inLanguage\":\"cs\",\"potentialAction\":[{\"@type\":\"ReadAction\",\"target\":[\"https:\/\/immediatebitxdr.co\/cs\/kontaktujte-nas\/\"]}]},{\"@type\":\"BreadcrumbList\",\"@id\":\"https:\/\/immediatebitxdr.co\/cs\/kontaktujte-nas\/#breadcrumb\",\"itemListElement\":[{\"@type\":\"ListItem\",\"position\":1,\"name\":\"Home\",\"item\":\"https:\/\/immediatebitxdr.co\/cs\/\"},{\"@type\":\"ListItem\",\"position\":2,\"name\":\"Kontaktujte n\u00e1s\"}]},{\"@type\":\"WebSite\",\"@id\":\"https:\/\/immediatebitxdr.co\/cs\/#website\",\"url\":\"https:\/\/immediatebitxdr.co\/cs\/\",\"name\":\"Nexonix Profit\",\"description\":\"\",\"potentialAction\":[{\"@type\":\"SearchAction\",\"target\":{\"@type\":\"EntryPoint\",\"urlTemplate\":\"https:\/\/immediatebitxdr.co\/cs\/?s={search_term_string}\"},\"query-input\":\"required name=search_term_string\"}],\"inLanguage\":\"cs\"}]}<\/script>\n<!-- \/ Yoast SEO plugin. -->","yoast_head_json":{"title":"Kontaktujte n\u00e1s - Nexonix Profit","robots":{"index":"index","follow":"follow","max-snippet":"max-snippet:-1","max-image-preview":"max-image-preview:large","max-video-preview":"max-video-preview:-1"},"canonical":"https:\/\/immediatebitxdr.co\/cs\/kontaktujte-nas\/","og_locale":"cs_CZ","og_type":"article","og_title":"Kontaktujte n\u00e1s - Nexonix Profit","og_description":"Kontaktujte n\u00e1\u0161 t\u00fdm Na\u0161\u00edm c\u00edlem je zajistit v\u00e1m v\u00fdjime\u010dn\u00e9 slu\u017eby a podporu. Kontaktujte n\u00e1s Kontaktujte n\u00e1s je\u0161t\u011b dnes &#8211; jsme tu, abychom v\u00e1m pomohli dos\u00e1hnout \u00fasp\u011bchu s okam\u017eit\u00fdm BitXDR! E-mail: support@nexonixprofit.com","og_url":"https:\/\/immediatebitxdr.co\/cs\/kontaktujte-nas\/","og_site_name":"Nexonix Profit","article_modified_time":"2024-02-22T09:35:18+00:00","twitter_card":"summary_large_image","twitter_misc":{"Odhadovan\u00e1 doba \u010dten\u00ed":"1 minuta"},"schema":{"@context":"https:\/\/schema.org","@graph":[{"@type":"WebPage","@id":"https:\/\/immediatebitxdr.co\/cs\/kontaktujte-nas\/","url":"https:\/\/immediatebitxdr.co\/cs\/kontaktujte-nas\/","name":"Kontaktujte n\u00e1s - Nexonix Profit","isPartOf":{"@id":"https:\/\/immediatebitxdr.co\/cs\/#website"},"datePublished":"2024-02-16T15:09:09+00:00","dateModified":"2024-02-22T09:35:18+00:00","breadcrumb":{"@id":"https:\/\/immediatebitxdr.co\/cs\/kontaktujte-nas\/#breadcrumb"},"inLanguage":"cs","potentialAction":[{"@type":"ReadAction","target":["https:\/\/immediatebitxdr.co\/cs\/kontaktujte-nas\/"]}]},{"@type":"BreadcrumbList","@id":"https:\/\/immediatebitxdr.co\/cs\/kontaktujte-nas\/#breadcrumb","itemListElement":[{"@type":"ListItem","position":1,"name":"Home","item":"https:\/\/immediatebitxdr.co\/cs\/"},{"@type":"ListItem","position":2,"name":"Kontaktujte n\u00e1s"}]},{"@type":"WebSite","@id":"https:\/\/immediatebitxdr.co\/cs\/#website","url":"https:\/\/immediatebitxdr.co\/cs\/","name":"Nexonix Profit","description":"","potentialAction":[{"@type":"SearchAction","target":{"@type":"EntryPoint","urlTemplate":"https:\/\/immediatebitxdr.co\/cs\/?s={search_term_string}"},"query-input":"required name=search_term_string"}],"inLanguage":"cs"}]}},"_links":{"self":[{"href":"https:\/\/immediatebitxdr.co\/cs\/wp-json\/wp\/v2\/pages\/752","targetHints":{"allow":["GET"]}}],"collection":[{"href":"https:\/\/immediatebitxdr.co\/cs\/wp-json\/wp\/v2\/pages"}],"about":[{"href":"https:\/\/immediatebitxdr.co\/cs\/wp-json\/wp\/v2\/types\/page"}],"author":[{"embeddable":true,"href":"https:\/\/immediatebitxdr.co\/cs\/wp-json\/wp\/v2\/users\/1"}],"replies":[{"embeddable":true,"href":"https:\/\/immediatebitxdr.co\/cs\/wp-json\/wp\/v2\/comments?post=752"}],"version-history":[{"count":0,"href":"https:\/\/immediatebitxdr.co\/cs\/wp-json\/wp\/v2\/pages\/752\/revisions"}],"wp:attachment":[{"href":"https:\/\/immediatebitxdr.co\/cs\/wp-json\/wp\/v2\/media?parent=752"}],"curies":[{"name":"wp","href":"https:\/\/api.w.org\/{rel}","templated":true}]}}